{"id":47,"date":"2013-04-15T10:15:04","date_gmt":"2013-04-15T09:15:04","guid":{"rendered":"http:\/\/ralph-erich-hildebrandt.de\/?page_id=47"},"modified":"2020-10-07T21:40:07","modified_gmt":"2020-10-07T20:40:07","slug":"mein-wahlkreis","status":"publish","type":"page","link":"https:\/\/ralph-erich-hildebrandt.de\/?page_id=47","title":{"rendered":"Mein Wahlkreis"},"content":{"rendered":"<p>Wahlkreises 26: Allerheiligen.<\/p>\n<p><img loading=\"lazy\" decoding=\"async\" width=\"1024\" height=\"852\" src=\"https:\/\/ralph-erich-hildebrandt.de\/wp-content\/uploads\/2020\/03\/wk26-1024x852.jpg\" alt=\"\" class=\"wp-image-691\" srcset=\"https:\/\/ralph-erich-hildebrandt.de\/wp-content\/uploads\/2020\/03\/wk26-1024x852.jpg 1024w, https:\/\/ralph-erich-hildebrandt.de\/wp-content\/uploads\/2020\/03\/wk26-300x250.jpg 300w, https:\/\/ralph-erich-hildebrandt.de\/wp-content\/uploads\/2020\/03\/wk26-768x639.jpg 768w, https:\/\/ralph-erich-hildebrandt.de\/wp-content\/uploads\/2020\/03\/wk26-1536x1278.jpg 1536w, https:\/\/ralph-erich-hildebrandt.de\/wp-content\/uploads\/2020\/03\/wk26-2048x1704.jpg 2048w, https:\/\/ralph-erich-hildebrandt.de\/wp-content\/uploads\/2020\/03\/wk26-150x125.jpg 150w, https:\/\/ralph-erich-hildebrandt.de\/wp-content\/uploads\/2020\/03\/wk26-180x150.jpg 180w, https:\/\/ralph-erich-hildebrandt.de\/wp-content\/uploads\/2020\/03\/wk26-361x300.jpg 361w\" sizes=\"auto, (max-width: 1024px) 100vw, 1024px\" \/><\/p>\n<p>Dieser umfasst die Ortsteile Alt-Allerheiligen, Kuckhof, Allerheiligen Am Linckhof, Allerheiligen B1, Allerheiligen B2, Allerheiligen Rankestra\u00dfe (B3) und Elvekum.<\/p>\n<p><strong>Da die im Wahlkreis 20 Rosellen gelegenen Teile Allerheiligen-S\u00fcd und Gier nicht durch einen Stadtverordneten vertreten ist, sehe ich mich als Stadtverordneter f\u00fcr ganz Allerheiligen.<\/strong><\/p>\n","protected":false},"excerpt":{"rendered":"<p>Wahlkreises 26: Allerheiligen. Dieser umfasst die Ortsteile Alt-Allerheiligen, Kuckhof, Allerheiligen Am Linckhof, Allerheiligen B1, Allerheiligen B2, Allerheiligen Rankestra\u00dfe (B3) und Elvekum. Da die im Wahlkreis 20 Rosellen gelegenen Teile Allerheiligen-S\u00fcd und Gier nicht durch einen Stadtverordneten vertreten ist, sehe ich mich als Stadtverordneter f\u00fcr ganz Allerheiligen.<\/p>\n","protected":false},"author":1,"featured_media":0,"parent":0,"menu_order":0,"comment_status":"closed","ping_status":"closed","template":"","meta":{"_crdt_document":"","footnotes":""},"class_list":["post-47","page","type-page","status-publish","hentry"],"_links":{"self":[{"href":"https:\/\/ralph-erich-hildebrandt.de\/index.php?rest_route=\/wp\/v2\/pages\/47","targetHints":{"allow":["GET"]}}],"collection":[{"href":"https:\/\/ralph-erich-hildebrandt.de\/index.php?rest_route=\/wp\/v2\/pages"}],"about":[{"href":"https:\/\/ralph-erich-hildebrandt.de\/index.php?rest_route=\/wp\/v2\/types\/page"}],"author":[{"embeddable":true,"href":"https:\/\/ralph-erich-hildebrandt.de\/index.php?rest_route=\/wp\/v2\/users\/1"}],"replies":[{"embeddable":true,"href":"https:\/\/ralph-erich-hildebrandt.de\/index.php?rest_route=%2Fwp%2Fv2%2Fcomments&post=47"}],"version-history":[{"count":9,"href":"https:\/\/ralph-erich-hildebrandt.de\/index.php?rest_route=\/wp\/v2\/pages\/47\/revisions"}],"predecessor-version":[{"id":773,"href":"https:\/\/ralph-erich-hildebrandt.de\/index.php?rest_route=\/wp\/v2\/pages\/47\/revisions\/773"}],"wp:attachment":[{"href":"https:\/\/ralph-erich-hildebrandt.de\/index.php?rest_route=%2Fwp%2Fv2%2Fmedia&parent=47"}],"curies":[{"name":"wp","href":"https:\/\/api.w.org\/{rel}","templated":true}]}}